{"id":339,"date":"2024-08-06T00:32:07","date_gmt":"2024-08-06T00:32:07","guid":{"rendered":"https:\/\/cursosderechoonline.cl\/?post_type=product&#038;p=339"},"modified":"2024-08-06T00:32:08","modified_gmt":"2024-08-06T00:32:08","slug":"ley-n21-030-sobre-interrupcion-voluntaria-del-embarazo","status":"publish","type":"product","link":"https:\/\/cursosderechoonline.cl\/?product=ley-n21-030-sobre-interrupcion-voluntaria-del-embarazo","title":{"rendered":"Ley N\u00b021.030 sobre interrupci\u00f3n voluntaria del embarazo"},"content":{"rendered":"","protected":false},"excerpt":{"rendered":"<p>La dictaci\u00f3n de la ley N\u00b021.030 sobre interrupci\u00f3n voluntaria del embarazo establece un r\u00e9gimen jur\u00eddico especial frente a esta situaci\u00f3n.<\/p>\n<p>Se presenta como una repuesta del legislador frente a la necesidad cl\u00ednica y social de interrumpir un embarazo en determinadas circunstancias precisas y terminadas. Se han establecido tres causales que se pueden invocar para que este procedimiento pueda practicarse en forma legal.<\/p>\n<p>A trav\u00e9s de este curso, el alumno podr\u00e1 conocer el contenido de la Ley N\u00b021.030, los requisitos de procedencia de las causales y los procedimientos establecidos para su procedencia, as\u00ed como tambi\u00e9n podr\u00e1 conocer una serie de elementos que se presentan a prop\u00f3sito de la interrupci\u00f3n voluntaria del embarazo.<\/p>\n","protected":false},"featured_media":263,"comment_status":"open","ping_status":"closed","template":"","meta":{"site-sidebar-layout":"default","site-content-layout":"","ast-site-content-layout":"default","site-content-style":"default","site-sidebar-style":"default","ast-global-header-display":"","ast-banner-title-visibility":"","ast-main-header-display":"","ast-hfb-above-header-display":"","ast-hfb-below-header-display":"","ast-hfb-mobile-header-display":"","site-post-title":"","ast-breadcrumbs-content":"","ast-featured-img":"","footer-sml-layout":"","theme-transparent-header-meta":"default","adv-header-id-meta":"","stick-header-meta":"","header-above-stick-meta":"","header-main-stick-meta":"","header-below-stick-meta":"","astra-migrate-meta-layouts":"set","ast-page-background-enabled":"default","ast-page-background-meta":{"desktop":{"background-color":"var(--ast-global-color-4)","background-image":"","background-repeat":"repeat","background-position":"center center","background-size":"auto","background-attachment":"scroll","background-type":"","background-media":"","overlay-type":"","overlay-color":"","overlay-gradient":""},"tablet":{"background-color":"","background-image":"","background-repeat":"repeat","background-position":"center center","background-size":"auto","background-attachment":"scroll","background-type":"","background-media":"","overlay-type":"","overlay-color":"","overlay-gradient":""},"mobile":{"background-color":"","background-image":"","background-repeat":"repeat","background-position":"center center","background-size":"auto","background-attachment":"scroll","background-type":"","background-media":"","overlay-type":"","overlay-color":"","overlay-gradient":""}},"ast-content-background-meta":{"desktop":{"background-color":"var(--ast-global-color-5)","background-image":"","background-repeat":"repeat","background-position":"center center","background-size":"auto","background-attachment":"scroll","background-type":"","background-media":"","overlay-type":"","overlay-color":"","overlay-gradient":""},"tablet":{"background-color":"var(--ast-global-color-5)","background-image":"","background-repeat":"repeat","background-position":"center center","background-size":"auto","background-attachment":"scroll","background-type":"","background-media":"","overlay-type":"","overlay-color":"","overlay-gradient":""},"mobile":{"background-color":"var(--ast-global-color-5)","background-image":"","background-repeat":"repeat","background-position":"center center","background-size":"auto","background-attachment":"scroll","background-type":"","background-media":"","overlay-type":"","overlay-color":"","overlay-gradient":""}}},"product_cat":[26],"product_tag":[],"class_list":{"0":"post-339","1":"product","2":"type-product","3":"status-publish","4":"has-post-thumbnail","6":"product_cat-cursos","7":"desktop-align-left","8":"tablet-align-left","9":"mobile-align-left","11":"first","12":"instock","13":"downloadable","14":"virtual","15":"purchasable","16":"product-type-simple"},"_links":{"self":[{"href":"https:\/\/cursosderechoonline.cl\/index.php?rest_route=\/wp\/v2\/product\/339","targetHints":{"allow":["GET"]}}],"collection":[{"href":"https:\/\/cursosderechoonline.cl\/index.php?rest_route=\/wp\/v2\/product"}],"about":[{"href":"https:\/\/cursosderechoonline.cl\/index.php?rest_route=\/wp\/v2\/types\/product"}],"replies":[{"embeddable":true,"href":"https:\/\/cursosderechoonline.cl\/index.php?rest_route=%2Fwp%2Fv2%2Fcomments&post=339"}],"wp:featuredmedia":[{"embeddable":true,"href":"https:\/\/cursosderechoonline.cl\/index.php?rest_route=\/wp\/v2\/media\/263"}],"wp:attachment":[{"href":"https:\/\/cursosderechoonline.cl\/index.php?rest_route=%2Fwp%2Fv2%2Fmedia&parent=339"}],"wp:term":[{"taxonomy":"product_cat","embeddable":true,"href":"https:\/\/cursosderechoonline.cl\/index.php?rest_route=%2Fwp%2Fv2%2Fproduct_cat&post=339"},{"taxonomy":"product_tag","embeddable":true,"href":"https:\/\/cursosderechoonline.cl\/index.php?rest_route=%2Fwp%2Fv2%2Fproduct_tag&post=339"}],"curies":[{"name":"wp","href":"https:\/\/api.w.org\/{rel}","templated":true}]}}